{"id":794,"date":"2023-09-22T10:07:20","date_gmt":"2023-09-22T10:07:20","guid":{"rendered":"https:\/\/maxikiteschool.com\/?page_id=794"},"modified":"2023-09-22T10:40:59","modified_gmt":"2023-09-22T10:40:59","slug":"student-waiver-form","status":"publish","type":"page","link":"https:\/\/maxikiteschool.com\/pl\/student-waiver-form\/","title":{"rendered":"Pisemna zgoda kursanta"},"content":{"rendered":"<div class=\"fusion-fullwidth fullwidth-box fusion-builder-row-1 fusion-flex-container has-pattern-background has-mask-background nonhundred-percent-fullwidth non-hundred-percent-height-scrolling\" style=\"--awb-border-radius-top-left:0px;--awb-border-radius-top-right:0px;--awb-border-radius-bottom-right:0px;--awb-border-radius-bottom-left:0px;--awb-padding-top:80px;--awb-padding-bottom:60px;--awb-padding-top-medium:50px;--awb-padding-bottom-medium:50px;--awb-padding-top-small:40px;--awb-padding-bottom-small:40px;--awb-flex-wrap:wrap;\" ><div class=\"fusion-builder-row fusion-row fusion-flex-align-items-flex-start fusion-flex-content-wrap\" style=\"max-width:1216.8px;margin-left: calc(-4% \/ 2 );margin-right: calc(-4% \/ 2 );\"><div class=\"fusion-layout-column fusion_builder_column fusion-builder-column-0 fusion_builder_column_1_1 1_1 fusion-flex-column\" style=\"--awb-bg-size:cover;--awb-width-large:100%;--awb-margin-top-large:0px;--awb-spacing-right-large:1.92%;--awb-margin-bottom-large:20px;--awb-spacing-left-large:1.92%;--awb-width-medium:100%;--awb-order-medium:0;--awb-spacing-right-medium:1.92%;--awb-spacing-left-medium:1.92%;--awb-width-small:100%;--awb-order-small:0;--awb-spacing-right-small:1.92%;--awb-spacing-left-small:1.92%;\"><div class=\"fusion-column-wrapper fusion-column-has-shadow fusion-flex-justify-content-flex-start fusion-content-layout-column\"><div class=\"fusion-image-element\" style=\"--awb-caption-title-font-family:var(--h2_typography-font-family);--awb-caption-title-font-weight:var(--h2_typography-font-weight);--awb-caption-title-font-style:var(--h2_typography-font-style);--awb-caption-title-size:var(--h2_typography-font-size);--awb-caption-title-transform:var(--h2_typography-text-transform);--awb-caption-title-line-height:var(--h2_typography-line-height);--awb-caption-title-letter-spacing:var(--h2_typography-letter-spacing);\"><span class=\"fusion-imageframe imageframe-none imageframe-1 hover-type-none\"><img decoding=\"async\" width=\"1816\" height=\"1215\" alt=\"student-page-title\" title=\"tytu\u0142-strony ucznia\" src=\"https:\/\/maxikiteschool.com\/wp-content\/uploads\/2023\/09\/63E35C9B-2E2B-4F6A-9D29-2321782F3680.jpg\" class=\"img-responsive wp-image-799\" srcset=\"https:\/\/maxikiteschool.com\/wp-content\/uploads\/2023\/09\/63E35C9B-2E2B-4F6A-9D29-2321782F3680-200x134.jpg 200w, https:\/\/maxikiteschool.com\/wp-content\/uploads\/2023\/09\/63E35C9B-2E2B-4F6A-9D29-2321782F3680-400x268.jpg 400w, https:\/\/maxikiteschool.com\/wp-content\/uploads\/2023\/09\/63E35C9B-2E2B-4F6A-9D29-2321782F3680-600x401.jpg 600w, https:\/\/maxikiteschool.com\/wp-content\/uploads\/2023\/09\/63E35C9B-2E2B-4F6A-9D29-2321782F3680-800x535.jpg 800w, https:\/\/maxikiteschool.com\/wp-content\/uploads\/2023\/09\/63E35C9B-2E2B-4F6A-9D29-2321782F3680-1200x803.jpg 1200w, https:\/\/maxikiteschool.com\/wp-content\/uploads\/2023\/09\/63E35C9B-2E2B-4F6A-9D29-2321782F3680.jpg 1816w\" sizes=\"(max-width: 640px) 100vw, 1200px\" \/><\/span><\/div><\/div><\/div><div class=\"fusion-layout-column fusion_builder_column fusion-builder-column-1 fusion_builder_column_1_1 1_1 fusion-flex-column\" style=\"--awb-padding-top:20px;--awb-bg-size:cover;--awb-width-large:100%;--awb-margin-top-large:0px;--awb-spacing-right-large:1.92%;--awb-margin-bottom-large:20px;--awb-spacing-left-large:1.92%;--awb-width-medium:100%;--awb-order-medium:0;--awb-spacing-right-medium:1.92%;--awb-spacing-left-medium:1.92%;--awb-width-small:100%;--awb-order-small:0;--awb-spacing-right-small:1.92%;--awb-spacing-left-small:1.92%;\" data-motion-effects=\"[{&quot;type&quot;:&quot;&quot;,&quot;scroll_type&quot;:&quot;transition&quot;,&quot;scroll_direction&quot;:&quot;up&quot;,&quot;transition_speed&quot;:&quot;1&quot;,&quot;fade_type&quot;:&quot;in&quot;,&quot;scale_type&quot;:&quot;up&quot;,&quot;initial_scale&quot;:&quot;1&quot;,&quot;max_scale&quot;:&quot;1.5&quot;,&quot;min_scale&quot;:&quot;0.5&quot;,&quot;initial_rotate&quot;:&quot;0&quot;,&quot;end_rotate&quot;:&quot;30&quot;,&quot;initial_blur&quot;:&quot;0&quot;,&quot;end_blur&quot;:&quot;3&quot;,&quot;start_element&quot;:&quot;top&quot;,&quot;start_viewport&quot;:&quot;bottom&quot;,&quot;end_element&quot;:&quot;bottom&quot;,&quot;end_viewport&quot;:&quot;top&quot;,&quot;mouse_effect&quot;:&quot;track&quot;,&quot;mouse_effect_direction&quot;:&quot;opposite&quot;,&quot;mouse_effect_speed&quot;:&quot;2&quot;,&quot;infinite_animation&quot;:&quot;float&quot;,&quot;infinite_animation_speed&quot;:&quot;2&quot;}]\" data-scroll-devices=\"small-visibility,medium-visibility,large-visibility\"><div class=\"fusion-column-wrapper fusion-column-has-shadow fusion-flex-justify-content-flex-start fusion-content-layout-column\"><div class=\"fusion-title title fusion-title-1 fusion-sep-none fusion-title-center fusion-title-text fusion-title-size-two\" style=\"--awb-margin-bottom:25px;\"><h2 class=\"fusion-title-heading title-heading-center\" style=\"margin:0;\">Pisemna zgoda kursanta<\/h2><\/div><div id=\"quform-67bb79\" class=\"quform quform-2 quform-support-page-caching\"><form id=\"quform-form-67bb79\" class=\"quform-form quform-form-2\" action=\"\/pl\/wp-json\/wp\/v2\/pages\/794#quform-67bb79\" method=\"post\" enctype=\"multipart\/form-data\" novalidate=\"novalidate\" data-options=\"{&quot;id&quot;:2,&quot;uniqueId&quot;:&quot;67bb79&quot;,&quot;theme&quot;:&quot;&quot;,&quot;ajax&quot;:true,&quot;logic&quot;:{&quot;logic&quot;:[],&quot;dependents&quot;:[],&quot;elementIds&quot;:[],&quot;dependentElementIds&quot;:[],&quot;animate&quot;:true},&quot;currentPageId&quot;:1,&quot;errorsIcon&quot;:&quot;&quot;,&quot;updateFancybox&quot;:true,&quot;hasPages&quot;:false,&quot;pages&quot;:[1],&quot;pageProgressType&quot;:&quot;numbers&quot;,&quot;tooltipsEnabled&quot;:true,&quot;tooltipClasses&quot;:&quot;qtip-quform-dark qtip-shadow&quot;,&quot;tooltipMy&quot;:&quot;left center&quot;,&quot;tooltipAt&quot;:&quot;right center&quot;,&quot;isRtl&quot;:false,&quot;scrollOffset&quot;:-50,&quot;scrollSpeed&quot;:800}\" data-trp-original-action=\"\/pl\/wp-json\/wp\/v2\/pages\/794#quform-67bb79\"><button class=\"quform-default-submit\" name=\"quform_submit\" type=\"submit\" value=\"submit\" aria-hidden=\"true\" tabindex=\"-1\"><\/button><div class=\"quform-form-inner quform-form-inner-2\"><input type=\"hidden\" name=\"quform_form_id\" value=\"2\" \/><input type=\"hidden\" name=\"quform_form_uid\" value=\"67bb79\" \/><input type=\"hidden\" name=\"quform_count\" value=\"1\" \/><input type=\"hidden\" name=\"form_url\" value=\"https:\/\/maxikiteschool.com\/pl\/wp-json\/wp\/v2\/pages\/794\" \/><input type=\"hidden\" name=\"referring_url\" value=\"\" \/><input type=\"hidden\" name=\"post_id\" value=\"\" \/><input type=\"hidden\" name=\"post_title\" value=\"\" \/><input type=\"hidden\" name=\"quform_current_page_id\" value=\"1\" \/><input type=\"hidden\" name=\"quform_csrf_token\" value=\"uxMFRu8wQepxcjV3NgeFcpjgtHLtssw0yznqfGWg\" \/><div class=\"quform-elements quform-elements-2 quform-cf quform-responsive-elements-phone-landscape\"><div class=\"quform-element quform-element-page quform-page-1 quform-page-2_1 quform-cf quform-group-style-plain quform-first-page quform-last-page quform-current-page\"><div class=\"quform-child-elements\"><div class=\"quform-element quform-element-row quform-element-row-2_23 quform-1-columns quform-element-row-size-fixed quform-responsive-columns-phone-landscape\"><div class=\"quform-element quform-element-column quform-element-2_24\"><div class=\"quform-element quform-element-html quform-element-2_3 quform-cf\"><div class=\"quform-spacer\">W zamian za kursy i\/lub zaj\u0119cia z wykorzystaniem obiekt\u00f3w, naziemnego Centrum IKO, nauki kiteboardingu, pomieszcze\u0144 i wyposa\u017cenia <\/div><\/div><\/div><\/div><div class=\"quform-element quform-element-row quform-element-row-2_26 quform-2-columns quform-element-row-size-fixed quform-responsive-columns-phone-landscape\"><div class=\"quform-element quform-element-column quform-element-2_27\"><div class=\"quform-element quform-element-text quform-element-2_21 quform-cf quform-element-optional\"><div class=\"quform-spacer\"><div class=\"quform-inner quform-inner-text quform-inner-2_21\"><div class=\"quform-input quform-input-text quform-input-2_21 quform-cf\"><input type=\"text\" id=\"quform_2_21_67bb79\" name=\"quform_2_21\" class=\"quform-field quform-field-text quform-field-2_21\" value=\"Patrik Mojdl IKO Number:106368\" readonly \/><\/div><\/div><\/div><\/div><\/div><div class=\"quform-element quform-element-column quform-element-2_29\"><div class=\"quform-element quform-element-html quform-element-2_30 quform-cf\"><div class=\"quform-spacer\">(Centrum IKO\/imi\u0119 i nazwisko instruktora), I<\/div><\/div><\/div><\/div><div class=\"quform-element quform-element-row quform-element-row-2_31 quform-2-columns quform-element-row-size-fixed quform-responsive-columns-phone-landscape\"><div class=\"quform-element quform-element-column quform-element-2_32\"><div class=\"quform-element quform-element-text quform-element-2_33 quform-cf quform-element-optional\"><div class=\"quform-spacer\"><div class=\"quform-inner quform-inner-text quform-inner-2_33\"><div class=\"quform-input quform-input-text quform-input-2_33 quform-cf\"><input type=\"text\" id=\"quform_2_33_67bb79\" name=\"quform_2_33\" class=\"quform-field quform-field-text quform-field-2_33\" \/><\/div><\/div><\/div><\/div><\/div><div class=\"quform-element quform-element-column quform-element-2_34\"><div class=\"quform-element quform-element-html quform-element-2_35 quform-cf\"><div class=\"quform-spacer\">(wyra\u017anie wydrukuj swoje imi\u0119 i nazwisko) niniejszym potwierdzam i zgadzam si\u0119 z nast\u0119puj\u0105cymi postanowieniami:<\/div><\/div><\/div><\/div><div class=\"quform-element quform-element-checkbox quform-element-2_38 quform-cf quform-element-optional\"><div class=\"quform-spacer\"><div class=\"quform-inner quform-inner-checkbox quform-inner-2_38\"><div class=\"quform-input quform-input-checkbox quform-input-2_38 quform-cf\"><div class=\"quform-options quform-cf quform-options-block quform-options-simple\"><div class=\"quform-option\"><input type=\"checkbox\" name=\"quform_2_38[]\" id=\"quform_2_38_67bb79_1\" class=\"quform-field quform-field-checkbox quform-field-2_38 quform-field-2_38_1\" value=\"I understand and acknowledge that kiteboarding activities have inherent dangers that no amount of  care, caution, instruction, or expertise can totally eliminate. I expressly and voluntarily assume all  risk of personal injury or death sustained while participating in kiteboarding activities  whether or not caused by the negligence of the released parties.\" \/><label for=\"quform_2_38_67bb79_1\" class=\"quform-option-label quform-option-label-2_38_1\"><span class=\"quform-option-text\">Rozumiem i przyjmuj\u0119 do wiadomo\u015bci, \u017ce p\u0142ywanie na kitesurfingu niesie ze sob\u0105 nieod\u0142\u0105czne zagro\u017cenia, kt\u00f3rych \u017cadna ilo\u015b\u0107 opieki, ostro\u017cno\u015bci, instrukcji ani wiedzy nie jest w stanie ca\u0142kowicie wyeliminowa\u0107. Wyra\u017anie i dobrowolnie przyjmuj\u0119 na siebie ca\u0142e ryzyko obra\u017ce\u0144 cia\u0142a lub \u015bmierci podczas udzia\u0142u w zaj\u0119ciach kitesurfingowych, niezale\u017cnie od tego, czy s\u0105 one spowodowane zaniedbaniem zwolnionych stron.<\/span><\/label><\/div><div class=\"quform-option\"><input type=\"checkbox\" name=\"quform_2_38[]\" id=\"quform_2_38_67bb79_2\" class=\"quform-field quform-field-checkbox quform-field-2_38 quform-field-2_38_2\" value=\"I agree that I will operate the said kiteboarding equipment in a reasonable and safe manner so as  not to endanger the lives of persons or property of any individual.\" \/><label for=\"quform_2_38_67bb79_2\" class=\"quform-option-label quform-option-label-2_38_2\"><span class=\"quform-option-text\">Wyra\u017cam zgod\u0119 na u\u017cytkowanie powy\u017cszego sprz\u0119tu kitesurfingowego w spos\u00f3b rozs\u0105dny i bezpieczny, tak aby nie stwarza\u0107 zagro\u017cenia dla \u017cycia os\u00f3b ani mienia jakiejkolwiek osoby.<\/span><\/label><\/div><div class=\"quform-option\"><input type=\"checkbox\" name=\"quform_2_38[]\" id=\"quform_2_38_67bb79_3\" class=\"quform-field quform-field-checkbox quform-field-2_38 quform-field-2_38_3\" value=\"I confirm that I am an open water swimmer.\" \/><label for=\"quform_2_38_67bb79_3\" class=\"quform-option-label quform-option-label-2_38_3\"><span class=\"quform-option-text\">Potwierdzam, \u017ce jestem p\u0142ywakiem na wodach otwartych.<\/span><\/label><\/div><div class=\"quform-option\"><input type=\"checkbox\" name=\"quform_2_38[]\" id=\"quform_2_38_67bb79_4\" class=\"quform-field quform-field-checkbox quform-field-2_38 quform-field-2_38_4\" value=\"I am not under the influence of alcohol or drugs.\" \/><label for=\"quform_2_38_67bb79_4\" class=\"quform-option-label quform-option-label-2_38_4\"><span class=\"quform-option-text\">Nie jestem pod wp\u0142ywem alkoholu ani narkotyk\u00f3w.<\/span><\/label><\/div><div class=\"quform-option\"><input type=\"checkbox\" name=\"quform_2_38[]\" id=\"quform_2_38_67bb79_5\" class=\"quform-field quform-field-checkbox quform-field-2_38 quform-field-2_38_5\" value=\"I am in good health condition and have no medical condition that may interfere with the practice of  kiteboarding activities. I am not pregnant or nursing. I have no mental impairment that may affect  my judgment of danger and information given during the practice of kiteboarding activities.\" \/><label for=\"quform_2_38_67bb79_5\" class=\"quform-option-label quform-option-label-2_38_5\"><span class=\"quform-option-text\">Jestem w dobrym stanie zdrowia i nie mam \u017cadnych schorze\u0144, kt\u00f3re mog\u0142yby zak\u0142\u00f3ca\u0107 uprawianie kiteboardingu. Nie jestem w ci\u0105\u017cy i nie karmi\u0119 piersi\u0105. Nie mam upo\u015bledzenia umys\u0142owego, kt\u00f3re mog\u0142oby mie\u0107 wp\u0142yw na moj\u0105 ocen\u0119 zagro\u017ce\u0144 i informacji przekazywanych podczas uprawiania kitesurfingu.<\/span><\/label><\/div><div class=\"quform-option\"><input type=\"checkbox\" name=\"quform_2_38[]\" id=\"quform_2_38_67bb79_6\" class=\"quform-field quform-field-checkbox quform-field-2_38 quform-field-2_38_6\" value=\"The school Manager and\/or the Instructor has given me the full opportunity to ask any and all  questions about kiteboarding activities and all of my questions have been answered to my total  satisfaction.\" \/><label for=\"quform_2_38_67bb79_6\" class=\"quform-option-label quform-option-label-2_38_6\"><span class=\"quform-option-text\">Mened\u017cer szko\u0142y i\/lub Instruktor dali mi pe\u0142n\u0105 mo\u017cliwo\u015b\u0107 zadawania wszelkich pyta\u0144 dotycz\u0105cych zaj\u0119\u0107 na kiteboardingu i na wszystkie moje pytania otrzyma\u0142em odpowiedzi ku mojemu ca\u0142kowitemu zadowoleniu.<\/span><\/label><\/div><div class=\"quform-option\"><input type=\"checkbox\" name=\"quform_2_38[]\" id=\"quform_2_38_67bb79_7\" class=\"quform-field quform-field-checkbox quform-field-2_38 quform-field-2_38_7\" value=\"I acknowledge that I have been given adequate opportunity to read and understand this document,  that it was not presented to me at the last minute.\" \/><label for=\"quform_2_38_67bb79_7\" class=\"quform-option-label quform-option-label-2_38_7\"><span class=\"quform-option-text\">O\u015bwiadczam, \u017ce dano mi odpowiedni\u0105 mo\u017cliwo\u015b\u0107 przeczytania i zrozumienia niniejszego dokumentu oraz \u017ce nie zosta\u0142 mi on przedstawiony w ostatniej chwili.<\/span><\/label><\/div><div class=\"quform-option\"><input type=\"checkbox\" name=\"quform_2_38[]\" id=\"quform_2_38_67bb79_8\" class=\"quform-field quform-field-checkbox quform-field-2_38 quform-field-2_38_8\" value=\"I acknowledge that I have been given adequate opportunity to read and understand this document,  that it was not presented to me at the last minute.\" \/><label for=\"quform_2_38_67bb79_8\" class=\"quform-option-label quform-option-label-2_38_8\"><span class=\"quform-option-text\">O\u015bwiadczam, \u017ce dano mi odpowiedni\u0105 mo\u017cliwo\u015b\u0107 przeczytania i zrozumienia niniejszego dokumentu oraz \u017ce nie zosta\u0142 mi on przedstawiony w ostatniej chwili.<\/span><\/label><\/div><div class=\"quform-option\"><input type=\"checkbox\" name=\"quform_2_38[]\" id=\"quform_2_38_67bb79_9\" class=\"quform-field quform-field-checkbox quform-field-2_38 quform-field-2_38_9\" value=\"I give my consent to the IKO Instructor or IKO Center to share my personal information to the IKO  in order to receive my certification.\" \/><label for=\"quform_2_38_67bb79_9\" class=\"quform-option-label quform-option-label-2_38_9\"><span class=\"quform-option-text\">Wyra\u017cam zgod\u0119 Instruktorowi IKO lub Centrum IKO na udost\u0119pnienie IKO moich danych osobowych w celu otrzymania certyfikatu.<\/span><\/label><\/div><div class=\"quform-option\"><input type=\"checkbox\" name=\"quform_2_38[]\" id=\"quform_2_38_67bb79_10\" class=\"quform-field quform-field-checkbox quform-field-2_38 quform-field-2_38_10\" value=\"I have read this waiver, fully understand its contents, and sign it of my own free will.\" \/><label for=\"quform_2_38_67bb79_10\" class=\"quform-option-label quform-option-label-2_38_10\"><span class=\"quform-option-text\">Przeczyta\u0142em niniejsze zrzeczenie si\u0119 prawa, w pe\u0142ni rozumiem jego tre\u015b\u0107 i podpisuj\u0119 je z w\u0142asnej woli.<\/span><\/label><\/div><\/div><\/div><\/div><\/div><\/div><div class=\"quform-element quform-element-row quform-element-row-2_6 quform-3-columns quform-element-row-size-fixed quform-responsive-columns-phone-landscape\"><div class=\"quform-element quform-element-column quform-element-2_7\"><div class=\"quform-element quform-element-date quform-element-2_5 quform-cf quform-labels-left quform-element-required\"><div class=\"quform-spacer\"><div class=\"quform-label quform-label-2_5\"><label class=\"quform-label-text\" for=\"quform_2_5_67bb79\">Data:<span class=\"quform-required\">*<\/span><\/label><\/div><div class=\"quform-inner quform-inner-date quform-inner-2_5\"><div class=\"quform-input quform-input-date quform-input-2_5 quform-cf\"><input type=\"text\" id=\"quform_2_5_67bb79\" name=\"quform_2_5\" class=\"quform-field quform-field-date quform-field-2_5\" placeholder=\"RRRR-MM-DD\" data-options=\"{&quot;format&quot;:&quot;dd-MM-yyyy&quot;,&quot;min&quot;:&quot;&quot;,&quot;max&quot;:&quot;&quot;,&quot;start&quot;:&quot;month&quot;,&quot;depth&quot;:&quot;month&quot;,&quot;showFooter&quot;:false,&quot;locale&quot;:&quot;en-GB&quot;,&quot;placeholder&quot;:&quot;&quot;,&quot;autoOpen&quot;:true,&quot;identifier&quot;:&quot;2_5&quot;}\" value=\"2026-04-04\" \/><\/div><\/div><\/div><\/div><\/div><div class=\"quform-element quform-element-column quform-element-2_8\"><\/div><div class=\"quform-element quform-element-column quform-element-2_39\"><\/div><\/div><div class=\"quform-element quform-element-row quform-element-row-2_16 quform-2-columns quform-element-row-size-fixed quform-responsive-columns-phone-landscape\"><div class=\"quform-element quform-element-column quform-element-2_17\"><div class=\"quform-element quform-element-text quform-element-2_15 quform-cf quform-element-optional\"><div class=\"quform-spacer\"><div class=\"quform-inner quform-inner-text quform-inner-2_15\"><div class=\"quform-input quform-input-text quform-input-2_15 quform-cf\"><input type=\"text\" id=\"quform_2_15_67bb79\" name=\"quform_2_15\" class=\"quform-field quform-field-text quform-field-2_15\" \/><\/div><label id=\"quform_2_15_67bb79_sub_label_below\" class=\"quform-sub-label quform-sub-label-below\">Imi\u0119 i nazwisko kursanta<\/label><\/div><\/div><\/div><\/div><div class=\"quform-element quform-element-column quform-element-2_19\"><div class=\"quform-element quform-element-file quform-element-2_40 quform-cf quform-element-optional\"><div class=\"quform-spacer\"><div class=\"quform-inner quform-inner-file quform-inner-2_40\"><div class=\"quform-input quform-input-file quform-input-2_40 quform-cf quform-button-style-theme\"><input type=\"file\" id=\"quform_2_40_67bb79\" name=\"quform_2_40[]\" class=\"quform-field quform-field-file quform-field-2_40 quform-field-file-enhanced\" data-config=\"{&quot;id&quot;:40,&quot;identifier&quot;:&quot;2_40&quot;,&quot;name&quot;:&quot;quform_2_40&quot;,&quot;max&quot;:1,&quot;size&quot;:10485760,&quot;allowedExtensions&quot;:[&quot;jpg&quot;,&quot;jpeg&quot;,&quot;png&quot;,&quot;gif&quot;],&quot;notAllowedTypeWithFilename&quot;:&quot;File type of &#039;%filename%&#039; is not allowed&quot;,&quot;tooBigWithFilename&quot;:&quot;File &#039;%filename%&#039; exceeds the maximum allowed file size&quot;,&quot;tooMany&quot;:&quot;You cannot upload more than %max% file(s)&quot;,&quot;buttonType&quot;:&quot;button&quot;,&quot;buttonText&quot;:&quot;Wybierz plik...&quot;,&quot;buttonIcon&quot;:&quot;qicon-file_upload&quot;,&quot;buttonIconPosition&quot;:&quot;right&quot;}\" \/><\/div><label id=\"quform_2_40_67bb79_sub_label_below\" class=\"quform-sub-label quform-sub-label-below\">Podpis studenta lub przedstawiciela prawnego, je\u015bli jest niepe\u0142noletni<\/label><\/div><\/div><\/div><\/div><\/div><div class=\"quform-element quform-element-row quform-element-row-2_11 quform-2-columns quform-element-row-size-fixed quform-responsive-columns-phone-landscape\"><div class=\"quform-element quform-element-column quform-element-2_12\"><div class=\"quform-element quform-element-email quform-element-2_10 quform-cf quform-labels-left quform-element-required\"><div class=\"quform-spacer\"><div class=\"quform-label quform-label-2_10\"><label class=\"quform-label-text\" for=\"quform_2_10_67bb79\">E-mail:<span class=\"quform-required\">*<\/span><\/label><\/div><div class=\"quform-inner quform-inner-email quform-inner-2_10\"><div class=\"quform-input quform-input-email quform-input-2_10 quform-cf\"><input type=\"email\" id=\"quform_2_10_67bb79\" name=\"quform_2_10\" class=\"quform-field quform-field-email quform-field-2_10\" \/><\/div><\/div><\/div><\/div><\/div><div class=\"quform-element quform-element-column quform-element-2_14\"><\/div><\/div><div class=\"quform-element quform-element-submit quform-element-2_2 quform-cf quform-button-style-theme\"><div class=\"quform-button-submit quform-button-submit-html quform-button-submit-2_2\"><button name=\"quform_submit\" type=\"submit\" class=\"quform-submit\" value=\"submit\"><div ><a class=\"fusion-button button-flat fusion-button-default-size button-custom fusion-button-default button-1 fusion-button-default-span fusion-button-default-type awb-b-icon-pos-right btn-hover service-btn\" style=\"--button_accent_color:var(--awb-color1);--button_border_color:var(--awb-color5);--button_accent_hover_color:#ffffff;--button_border_hover_color:var(--awb-custom12);--button_gradient_top_color:var(--awb-color5);--button_gradient_bottom_color:var(--awb-color5);--button_gradient_top_color_hover:rgba(255,255,255,0);--button_gradient_bottom_color_hover:rgba(255,255,255,0);--button_font_size:14px;--button_line_height:24px;--button_padding-top:8px;--button_padding-right:18px;--button_padding-bottom:8px;--button_padding-left:18px;\" target=\"_self\" data-hover=\"icon_position\"><span class=\"fusion-button-text\">Sk\u0142ada\u0107<\/span><i class=\"fa-arrow-right fas button-icon-right\" aria-hidden=\"true\"><\/i><i class=\"fa-arrow-right fas button-icon-right\" aria-hidden=\"true\"><\/i><\/a><\/div><\/button><\/div><div class=\"quform-loading quform-loading-position-left quform-loading-type-spinner-1\"><div class=\"quform-loading-inner\"><div class=\"quform-loading-spinner\"><div class=\"quform-loading-spinner-inner\"><\/div><\/div><\/div><\/div><\/div><div class=\"quform-element-tree\"><label for=\"quform_2_0_67bb79\">To pole powinno zosta\u0107 puste<\/label><input type=\"text\" id=\"quform_2_0_67bb79\" name=\"quform_2_0\" class=\"quform-field quform-field-tree quform-field-2_0\" tabindex=\"-1\" autocomplete=\"off\" \/><\/div><\/div><\/div><\/div><div class=\"quform-upload-progress-wrap\"><div class=\"quform-upload-progress-bar-wrap\"><div class=\"quform-upload-progress-bar\"><\/div><\/div><div class=\"quform-upload-info quform-cf\"><div class=\"quform-upload-filename\"><\/div><\/div><\/div><\/div><input type=\"hidden\" name=\"trp-form-language\" value=\"pl\"\/><\/form><\/div><\/div><\/div><\/div><\/div>","protected":false},"excerpt":{"rendered":"","protected":false},"author":1,"featured_media":0,"parent":0,"menu_order":0,"comment_status":"closed","ping_status":"closed","template":"100-width.php","meta":{"footnotes":""},"class_list":["post-794","page","type-page","status-publish","hentry"],"acf":[],"_links":{"self":[{"href":"https:\/\/maxikiteschool.com\/pl\/wp-json\/wp\/v2\/pages\/794"}],"collection":[{"href":"https:\/\/maxikiteschool.com\/pl\/wp-json\/wp\/v2\/pages"}],"about":[{"href":"https:\/\/maxikiteschool.com\/pl\/wp-json\/wp\/v2\/types\/page"}],"author":[{"embeddable":true,"href":"https:\/\/maxikiteschool.com\/pl\/wp-json\/wp\/v2\/users\/1"}],"replies":[{"embeddable":true,"href":"https:\/\/maxikiteschool.com\/pl\/wp-json\/wp\/v2\/comments?post=794"}],"version-history":[{"count":11,"href":"https:\/\/maxikiteschool.com\/pl\/wp-json\/wp\/v2\/pages\/794\/revisions"}],"predecessor-version":[{"id":807,"href":"https:\/\/maxikiteschool.com\/pl\/wp-json\/wp\/v2\/pages\/794\/revisions\/807"}],"wp:attachment":[{"href":"https:\/\/maxikiteschool.com\/pl\/wp-json\/wp\/v2\/media?parent=794"}],"curies":[{"name":"wp","href":"https:\/\/api.w.org\/{rel}","templated":true}]}}