{"id":717,"date":"2023-09-12T11:01:52","date_gmt":"2023-09-12T11:01:52","guid":{"rendered":"https:\/\/maxikiteschool.com\/?page_id=717"},"modified":"2023-10-26T01:00:09","modified_gmt":"2023-10-26T01:00:09","slug":"cleethorpes-humberston-fitties-beach","status":"publish","type":"page","link":"https:\/\/maxikiteschool.com\/pl\/cleethorpes-humberston-fitties-beach\/","title":{"rendered":"Cleethorpes\/Humberston \u2013 Pla\u017ca Fitties"},"content":{"rendered":"<p><div class=\"fusion-fullwidth fullwidth-box fusion-builder-row-1 fusion-flex-container has-pattern-background has-mask-background nonhundred-percent-fullwidth non-hundred-percent-height-scrolling\" style=\"--awb-border-radius-top-left:0px;--awb-border-radius-top-right:0px;--awb-border-radius-bottom-right:0px;--awb-border-radius-bottom-left:0px;--awb-padding-top:80px;--awb-padding-bottom:60px;--awb-padding-top-medium:50px;--awb-padding-bottom-medium:50px;--awb-padding-top-small:40px;--awb-padding-bottom-small:40px;--awb-flex-wrap:wrap;\" ><div class=\"fusion-builder-row fusion-row fusion-flex-align-items-flex-start fusion-flex-content-wrap\" style=\"max-width:1216.8px;margin-left: calc(-4% \/ 2 );margin-right: calc(-4% \/ 2 );\"><div class=\"fusion-layout-column fusion_builder_column fusion-builder-column-0 fusion_builder_column_1_2 1_2 fusion-flex-column fusion-flex-align-self-stretch\" style=\"--awb-bg-size:cover;--awb-width-large:50%;--awb-margin-top-large:0px;--awb-spacing-right-large:3.84%;--awb-margin-bottom-large:20px;--awb-spacing-left-large:3.84%;--awb-width-medium:50%;--awb-order-medium:0;--awb-spacing-right-medium:3.84%;--awb-spacing-left-medium:3.84%;--awb-width-small:100%;--awb-order-small:2;--awb-spacing-right-small:1.92%;--awb-spacing-left-small:1.92%;\" data-motion-effects=\"[{&quot;type&quot;:&quot;&quot;,&quot;scroll_type&quot;:&quot;transition&quot;,&quot;scroll_direction&quot;:&quot;up&quot;,&quot;transition_speed&quot;:&quot;1&quot;,&quot;fade_type&quot;:&quot;in&quot;,&quot;scale_type&quot;:&quot;up&quot;,&quot;initial_scale&quot;:&quot;1&quot;,&quot;max_scale&quot;:&quot;1.5&quot;,&quot;min_scale&quot;:&quot;0.5&quot;,&quot;initial_rotate&quot;:&quot;0&quot;,&quot;end_rotate&quot;:&quot;30&quot;,&quot;initial_blur&quot;:&quot;0&quot;,&quot;end_blur&quot;:&quot;3&quot;,&quot;start_element&quot;:&quot;top&quot;,&quot;start_viewport&quot;:&quot;bottom&quot;,&quot;end_element&quot;:&quot;bottom&quot;,&quot;end_viewport&quot;:&quot;top&quot;,&quot;mouse_effect&quot;:&quot;track&quot;,&quot;mouse_effect_direction&quot;:&quot;opposite&quot;,&quot;mouse_effect_speed&quot;:&quot;2&quot;,&quot;infinite_animation&quot;:&quot;float&quot;,&quot;infinite_animation_speed&quot;:&quot;2&quot;}]\" data-scroll-devices=\"small-visibility,medium-visibility,large-visibility\"><div class=\"fusion-column-wrapper fusion-column-has-shadow fusion-flex-justify-content-center fusion-content-layout-column\"><div class=\"fusion-image-element\" style=\"--awb-caption-title-font-family:var(--h2_typography-font-family);--awb-caption-title-font-weight:var(--h2_typography-font-weight);--awb-caption-title-font-style:var(--h2_typography-font-style);--awb-caption-title-size:var(--h2_typography-font-size);--awb-caption-title-transform:var(--h2_typography-text-transform);--awb-caption-title-line-height:var(--h2_typography-line-height);--awb-caption-title-letter-spacing:var(--h2_typography-letter-spacing);\"><span class=\"fusion-imageframe imageframe-none imageframe-1 hover-type-none\"><img decoding=\"async\" width=\"1689\" height=\"1158\" title=\"Cleethorpes Thorpe 1\" src=\"https:\/\/maxikiteschool.com\/wp-content\/uploads\/2023\/10\/Cleethorpes-Thorpe-1.jpg\" alt class=\"img-responsive wp-image-907\" srcset=\"https:\/\/maxikiteschool.com\/wp-content\/uploads\/2023\/10\/Cleethorpes-Thorpe-1-200x137.jpg 200w, https:\/\/maxikiteschool.com\/wp-content\/uploads\/2023\/10\/Cleethorpes-Thorpe-1-400x274.jpg 400w, https:\/\/maxikiteschool.com\/wp-content\/uploads\/2023\/10\/Cleethorpes-Thorpe-1-600x411.jpg 600w, https:\/\/maxikiteschool.com\/wp-content\/uploads\/2023\/10\/Cleethorpes-Thorpe-1-800x548.jpg 800w, https:\/\/maxikiteschool.com\/wp-content\/uploads\/2023\/10\/Cleethorpes-Thorpe-1-1200x823.jpg 1200w, https:\/\/maxikiteschool.com\/wp-content\/uploads\/2023\/10\/Cleethorpes-Thorpe-1.jpg 1689w\" sizes=\"(max-width: 640px) 100vw, 600px\" \/><\/span><\/div><\/div><\/div><div class=\"fusion-layout-column fusion_builder_column fusion-builder-column-1 fusion_builder_column_1_2 1_2 fusion-flex-column fusion-flex-align-self-stretch word_break\" style=\"--awb-bg-size:cover;--awb-width-large:50%;--awb-margin-top-large:0px;--awb-spacing-right-large:3.84%;--awb-margin-bottom-large:20px;--awb-spacing-left-large:3.84%;--awb-width-medium:50%;--awb-order-medium:0;--awb-spacing-right-medium:3.84%;--awb-spacing-left-medium:3.84%;--awb-width-small:100%;--awb-order-small:1;--awb-spacing-right-small:1.92%;--awb-spacing-left-small:1.92%;\" data-motion-effects=\"[{&quot;type&quot;:&quot;&quot;,&quot;scroll_type&quot;:&quot;transition&quot;,&quot;scroll_direction&quot;:&quot;up&quot;,&quot;transition_speed&quot;:&quot;1&quot;,&quot;fade_type&quot;:&quot;in&quot;,&quot;scale_type&quot;:&quot;up&quot;,&quot;initial_scale&quot;:&quot;1&quot;,&quot;max_scale&quot;:&quot;1.5&quot;,&quot;min_scale&quot;:&quot;0.5&quot;,&quot;initial_rotate&quot;:&quot;0&quot;,&quot;end_rotate&quot;:&quot;30&quot;,&quot;initial_blur&quot;:&quot;0&quot;,&quot;end_blur&quot;:&quot;3&quot;,&quot;start_element&quot;:&quot;top&quot;,&quot;start_viewport&quot;:&quot;bottom&quot;,&quot;end_element&quot;:&quot;bottom&quot;,&quot;end_viewport&quot;:&quot;top&quot;,&quot;mouse_effect&quot;:&quot;track&quot;,&quot;mouse_effect_direction&quot;:&quot;opposite&quot;,&quot;mouse_effect_speed&quot;:&quot;2&quot;,&quot;infinite_animation&quot;:&quot;float&quot;,&quot;infinite_animation_speed&quot;:&quot;2&quot;}]\" data-scroll-devices=\"small-visibility,medium-visibility,large-visibility\"><div class=\"fusion-column-wrapper fusion-column-has-shadow fusion-flex-justify-content-center fusion-content-layout-column\"><div class=\"fusion-title title fusion-title-1 fusion-sep-none fusion-title-text fusion-title-size-two\" style=\"--awb-text-color:var(--awb-custom12);\"><h2 class=\"fusion-title-heading title-heading-left\" style=\"margin:0;\">Cleethorpes\/Humberston \u2013 Pla\u017ca Fitties<\/h2><\/div><div class=\"fusion-text fusion-text-1\" style=\"--awb-text-color:var(--awb-color6);\"><p>Humberston Fitties to szeroka piaszczysta pla\u017ca u uj\u015bcia uj\u015bcia rzeki Humber przy r\u00f3\u017cnych stanach p\u0142yw\u00f3w, oferuj\u0105ca laguny z p\u0142ask\u0105 wod\u0105, idealne do uprawiania i nauczania kitesurfingu.<\/p>\n<\/div><div class=\"fusion-title title fusion-title-2 fusion-sep-none fusion-title-text fusion-title-size-three\" style=\"--awb-text-color:var(--awb-custom12);\"><h3 class=\"fusion-title-heading title-heading-left\" style=\"margin:0;\">Parking<\/h3><\/div><div class=\"fusion-text fusion-text-2\" style=\"--awb-text-color:var(--awb-color6);\"><p>Na pla\u017c\u0119 mo\u017cna dosta\u0107 si\u0119 najcz\u0119\u015bciej przez parking. W pogodny dzie\u0144 mo\u017cesz zaparkowa\u0107 dalej, ale parking jest bezp\u0142atny.<\/p>\n<\/div><\/div><\/div><\/div><\/div><div class=\"fusion-fullwidth fullwidth-box fusion-builder-row-2 fusion-flex-container has-pattern-background has-mask-background nonhundred-percent-fullwidth non-hundred-percent-height-scrolling\" style=\"--link_color: var(--awb-color5);--awb-border-radius-top-left:0px;--awb-border-radius-top-right:0px;--awb-border-radius-bottom-right:0px;--awb-border-radius-bottom-left:0px;--awb-padding-top:80px;--awb-padding-bottom:60px;--awb-padding-top-medium:50px;--awb-padding-bottom-medium:50px;--awb-padding-top-small:40px;--awb-padding-bottom-small:40px;--awb-background-color:#f7f7f7;--awb-flex-wrap:wrap;\" ><div class=\"fusion-builder-row fusion-row fusion-flex-align-items-flex-start fusion-flex-content-wrap\" style=\"max-width:1216.8px;margin-left: calc(-4% \/ 2 );margin-right: calc(-4% \/ 2 );\"><div class=\"fusion-layout-column fusion_builder_column fusion-builder-column-2 fusion_builder_column_1_2 1_2 fusion-flex-column fusion-flex-align-self-stretch word_break\" style=\"--awb-bg-size:cover;--awb-width-large:50%;--awb-margin-top-large:0px;--awb-spacing-right-large:3.84%;--awb-margin-bottom-large:20px;--awb-spacing-left-large:3.84%;--awb-width-medium:50%;--awb-order-medium:0;--awb-spacing-right-medium:3.84%;--awb-spacing-left-medium:3.84%;--awb-width-small:100%;--awb-order-small:0;--awb-spacing-right-small:1.92%;--awb-spacing-left-small:1.92%;\" data-motion-effects=\"[{&quot;type&quot;:&quot;&quot;,&quot;scroll_type&quot;:&quot;transition&quot;,&quot;scroll_direction&quot;:&quot;up&quot;,&quot;transition_speed&quot;:&quot;1&quot;,&quot;fade_type&quot;:&quot;in&quot;,&quot;scale_type&quot;:&quot;up&quot;,&quot;initial_scale&quot;:&quot;1&quot;,&quot;max_scale&quot;:&quot;1.5&quot;,&quot;min_scale&quot;:&quot;0.5&quot;,&quot;initial_rotate&quot;:&quot;0&quot;,&quot;end_rotate&quot;:&quot;30&quot;,&quot;initial_blur&quot;:&quot;0&quot;,&quot;end_blur&quot;:&quot;3&quot;,&quot;start_element&quot;:&quot;top&quot;,&quot;start_viewport&quot;:&quot;bottom&quot;,&quot;end_element&quot;:&quot;bottom&quot;,&quot;end_viewport&quot;:&quot;top&quot;,&quot;mouse_effect&quot;:&quot;track&quot;,&quot;mouse_effect_direction&quot;:&quot;opposite&quot;,&quot;mouse_effect_speed&quot;:&quot;2&quot;,&quot;infinite_animation&quot;:&quot;float&quot;,&quot;infinite_animation_speed&quot;:&quot;2&quot;}]\" data-scroll-devices=\"small-visibility,medium-visibility,large-visibility\"><div class=\"fusion-column-wrapper fusion-column-has-shadow fusion-flex-justify-content-center fusion-content-layout-column\"><div class=\"fusion-title title fusion-title-3 fusion-sep-none fusion-title-text fusion-title-size-two\" style=\"--awb-text-color:var(--awb-custom12);\"><h2 class=\"fusion-title-heading title-heading-left\" style=\"margin:0;\">Adres:<\/h2><\/div><div class=\"fusion-text fusion-text-3\" style=\"--awb-text-color:var(--awb-color6);\"><p>Parking pod adresem 252 Anthony\u2019s Bank Rd,<br \/>\nHumberston, Grimsby DN36 4EX, Wielka Brytania<\/p>\n<\/div><div class=\"fusion-title title fusion-title-4 fusion-sep-none fusion-title-text fusion-title-size-three\" style=\"--awb-text-color:var(--awb-custom12);\"><h3 class=\"fusion-title-heading title-heading-left\" style=\"margin:0;\">Kierunek wiatru<\/h3><\/div><div class=\"fusion-text fusion-text-4\" style=\"--awb-text-color:var(--awb-color6);\"><p>Pla\u017ca Fitties najlepiej sprawdza si\u0119 przy wschodnim wietrze, ale ka\u017cdy kierunek, w kt\u00f3rym znajduje si\u0119 wsch\u00f3d, b\u0119dzie sprzyjaj\u0105cy! (N, NE, E, SE).<br \/>\nPROGNOZA<br \/>\nPrognoza na 9 dni. Generalnie mo\u017cna ufa\u0107 tylko kolejnym 3 dniom.<\/p>\n<\/div><div class=\"fusion-text fusion-text-5\"><p><a href=\"https:\/\/windy.app\/forecast2\/spot\/587757\/Humberston\" target=\"_blank\" rel=\"noopener\">https:\/\/windy.app\/forecast2\/spot\/587757\/Humberston<\/a><\/p>\n<\/div><\/div><\/div><div class=\"fusion-layout-column fusion_builder_column fusion-builder-column-3 fusion_builder_column_1_2 1_2 fusion-flex-column fusion-flex-align-self-stretch\" style=\"--awb-bg-size:cover;--awb-width-large:50%;--awb-margin-top-large:0px;--awb-spacing-right-large:3.84%;--awb-margin-bottom-large:20px;--awb-spacing-left-large:3.84%;--awb-width-medium:50%;--awb-order-medium:0;--awb-spacing-right-medium:3.84%;--awb-spacing-left-medium:3.84%;--awb-width-small:100%;--awb-order-small:0;--awb-spacing-right-small:1.92%;--awb-spacing-left-small:1.92%;\" data-motion-effects=\"[{&quot;type&quot;:&quot;&quot;,&quot;scroll_type&quot;:&quot;transition&quot;,&quot;scroll_direction&quot;:&quot;up&quot;,&quot;transition_speed&quot;:&quot;1&quot;,&quot;fade_type&quot;:&quot;in&quot;,&quot;scale_type&quot;:&quot;up&quot;,&quot;initial_scale&quot;:&quot;1&quot;,&quot;max_scale&quot;:&quot;1.5&quot;,&quot;min_scale&quot;:&quot;0.5&quot;,&quot;initial_rotate&quot;:&quot;0&quot;,&quot;end_rotate&quot;:&quot;30&quot;,&quot;initial_blur&quot;:&quot;0&quot;,&quot;end_blur&quot;:&quot;3&quot;,&quot;start_element&quot;:&quot;top&quot;,&quot;start_viewport&quot;:&quot;bottom&quot;,&quot;end_element&quot;:&quot;bottom&quot;,&quot;end_viewport&quot;:&quot;top&quot;,&quot;mouse_effect&quot;:&quot;track&quot;,&quot;mouse_effect_direction&quot;:&quot;opposite&quot;,&quot;mouse_effect_speed&quot;:&quot;2&quot;,&quot;infinite_animation&quot;:&quot;float&quot;,&quot;infinite_animation_speed&quot;:&quot;2&quot;}]\" data-scroll-devices=\"small-visibility,medium-visibility,large-visibility\"><div class=\"fusion-column-wrapper fusion-column-has-shadow fusion-flex-justify-content-center fusion-content-layout-column\"><div class=\"fusion-image-element\" style=\"--awb-caption-title-font-family:var(--h2_typography-font-family);--awb-caption-title-font-weight:var(--h2_typography-font-weight);--awb-caption-title-font-style:var(--h2_typography-font-style);--awb-caption-title-size:var(--h2_typography-font-size);--awb-caption-title-transform:var(--h2_typography-text-transform);--awb-caption-title-line-height:var(--h2_typography-line-height);--awb-caption-title-letter-spacing:var(--h2_typography-letter-spacing);\"><span class=\"fusion-imageframe imageframe-none imageframe-2 hover-type-none\"><img decoding=\"async\" width=\"1464\" height=\"1007\" title=\"Parking w Cleethorpes\" src=\"https:\/\/maxikiteschool.com\/wp-content\/uploads\/2023\/10\/Cleethorpes-Car-Park.jpg\" alt class=\"img-responsive wp-image-899\" srcset=\"https:\/\/maxikiteschool.com\/wp-content\/uploads\/2023\/10\/Cleethorpes-Car-Park-200x138.jpg 200w, https:\/\/maxikiteschool.com\/wp-content\/uploads\/2023\/10\/Cleethorpes-Car-Park-400x275.jpg 400w, https:\/\/maxikiteschool.com\/wp-content\/uploads\/2023\/10\/Cleethorpes-Car-Park-600x413.jpg 600w, https:\/\/maxikiteschool.com\/wp-content\/uploads\/2023\/10\/Cleethorpes-Car-Park-800x550.jpg 800w, https:\/\/maxikiteschool.com\/wp-content\/uploads\/2023\/10\/Cleethorpes-Car-Park-1200x825.jpg 1200w, https:\/\/maxikiteschool.com\/wp-content\/uploads\/2023\/10\/Cleethorpes-Car-Park.jpg 1464w\" sizes=\"(max-width: 640px) 100vw, 600px\" \/><\/span><\/div><\/div><\/div><\/div><\/div><div class=\"fusion-fullwidth fullwidth-box fusion-builder-row-3 fusion-flex-container has-pattern-background has-mask-background nonhundred-percent-fullwidth non-hundred-percent-height-scrolling\" style=\"--link_color: var(--awb-color5);--awb-border-radius-top-left:0px;--awb-border-radius-top-right:0px;--awb-border-radius-bottom-right:0px;--awb-border-radius-bottom-left:0px;--awb-padding-top:80px;--awb-padding-bottom:60px;--awb-padding-top-medium:50px;--awb-padding-bottom-medium:50px;--awb-padding-top-small:40px;--awb-padding-bottom-small:40px;--awb-flex-wrap:wrap;\" ><div class=\"fusion-builder-row fusion-row fusion-flex-align-items-flex-start fusion-flex-content-wrap\" style=\"max-width:1216.8px;margin-left: calc(-4% \/ 2 );margin-right: calc(-4% \/ 2 );\"><div class=\"fusion-layout-column fusion_builder_column fusion-builder-column-4 fusion_builder_column_1_2 1_2 fusion-flex-column fusion-flex-align-self-stretch\" style=\"--awb-bg-size:cover;--awb-width-large:50%;--awb-margin-top-large:0px;--awb-spacing-right-large:3.84%;--awb-margin-bottom-large:20px;--awb-spacing-left-large:3.84%;--awb-width-medium:50%;--awb-order-medium:0;--awb-spacing-right-medium:3.84%;--awb-spacing-left-medium:3.84%;--awb-width-small:100%;--awb-order-small:2;--awb-spacing-right-small:1.92%;--awb-spacing-left-small:1.92%;\" data-motion-effects=\"[{&quot;type&quot;:&quot;&quot;,&quot;scroll_type&quot;:&quot;transition&quot;,&quot;scroll_direction&quot;:&quot;up&quot;,&quot;transition_speed&quot;:&quot;1&quot;,&quot;fade_type&quot;:&quot;in&quot;,&quot;scale_type&quot;:&quot;up&quot;,&quot;initial_scale&quot;:&quot;1&quot;,&quot;max_scale&quot;:&quot;1.5&quot;,&quot;min_scale&quot;:&quot;0.5&quot;,&quot;initial_rotate&quot;:&quot;0&quot;,&quot;end_rotate&quot;:&quot;30&quot;,&quot;initial_blur&quot;:&quot;0&quot;,&quot;end_blur&quot;:&quot;3&quot;,&quot;start_element&quot;:&quot;top&quot;,&quot;start_viewport&quot;:&quot;bottom&quot;,&quot;end_element&quot;:&quot;bottom&quot;,&quot;end_viewport&quot;:&quot;top&quot;,&quot;mouse_effect&quot;:&quot;track&quot;,&quot;mouse_effect_direction&quot;:&quot;opposite&quot;,&quot;mouse_effect_speed&quot;:&quot;2&quot;,&quot;infinite_animation&quot;:&quot;float&quot;,&quot;infinite_animation_speed&quot;:&quot;2&quot;}]\" data-scroll-devices=\"small-visibility,medium-visibility,large-visibility\"><div class=\"fusion-column-wrapper fusion-column-has-shadow fusion-flex-justify-content-center fusion-content-layout-column\"><div class=\"fusion-image-element\" style=\"--awb-caption-title-font-family:var(--h2_typography-font-family);--awb-caption-title-font-weight:var(--h2_typography-font-weight);--awb-caption-title-font-style:var(--h2_typography-font-style);--awb-caption-title-size:var(--h2_typography-font-size);--awb-caption-title-transform:var(--h2_typography-text-transform);--awb-caption-title-line-height:var(--h2_typography-line-height);--awb-caption-title-letter-spacing:var(--h2_typography-letter-spacing);\"><span class=\"fusion-imageframe imageframe-none imageframe-3 hover-type-none\"><img decoding=\"async\" width=\"1686\" height=\"1156\" title=\"Cleethorpes Fitties\" src=\"https:\/\/maxikiteschool.com\/wp-content\/uploads\/2023\/10\/Cleethorpes-Fitties.jpg\" alt class=\"img-responsive wp-image-912\" srcset=\"https:\/\/maxikiteschool.com\/wp-content\/uploads\/2023\/10\/Cleethorpes-Fitties-200x137.jpg 200w, https:\/\/maxikiteschool.com\/wp-content\/uploads\/2023\/10\/Cleethorpes-Fitties-400x274.jpg 400w, https:\/\/maxikiteschool.com\/wp-content\/uploads\/2023\/10\/Cleethorpes-Fitties-600x411.jpg 600w, https:\/\/maxikiteschool.com\/wp-content\/uploads\/2023\/10\/Cleethorpes-Fitties-800x549.jpg 800w, https:\/\/maxikiteschool.com\/wp-content\/uploads\/2023\/10\/Cleethorpes-Fitties-1200x823.jpg 1200w, https:\/\/maxikiteschool.com\/wp-content\/uploads\/2023\/10\/Cleethorpes-Fitties.jpg 1686w\" sizes=\"(max-width: 640px) 100vw, 600px\" \/><\/span><\/div><\/div><\/div><div class=\"fusion-layout-column fusion_builder_column fusion-builder-column-5 fusion_builder_column_1_2 1_2 fusion-flex-column fusion-flex-align-self-stretch word_break\" style=\"--awb-bg-size:cover;--awb-width-large:50%;--awb-margin-top-large:0px;--awb-spacing-right-large:3.84%;--awb-margin-bottom-large:20px;--awb-spacing-left-large:3.84%;--awb-width-medium:50%;--awb-order-medium:0;--awb-spacing-right-medium:3.84%;--awb-spacing-left-medium:3.84%;--awb-width-small:100%;--awb-order-small:1;--awb-spacing-right-small:1.92%;--awb-spacing-left-small:1.92%;\" data-motion-effects=\"[{&quot;type&quot;:&quot;&quot;,&quot;scroll_type&quot;:&quot;transition&quot;,&quot;scroll_direction&quot;:&quot;up&quot;,&quot;transition_speed&quot;:&quot;1&quot;,&quot;fade_type&quot;:&quot;in&quot;,&quot;scale_type&quot;:&quot;up&quot;,&quot;initial_scale&quot;:&quot;1&quot;,&quot;max_scale&quot;:&quot;1.5&quot;,&quot;min_scale&quot;:&quot;0.5&quot;,&quot;initial_rotate&quot;:&quot;0&quot;,&quot;end_rotate&quot;:&quot;30&quot;,&quot;initial_blur&quot;:&quot;0&quot;,&quot;end_blur&quot;:&quot;3&quot;,&quot;start_element&quot;:&quot;top&quot;,&quot;start_viewport&quot;:&quot;bottom&quot;,&quot;end_element&quot;:&quot;bottom&quot;,&quot;end_viewport&quot;:&quot;top&quot;,&quot;mouse_effect&quot;:&quot;track&quot;,&quot;mouse_effect_direction&quot;:&quot;opposite&quot;,&quot;mouse_effect_speed&quot;:&quot;2&quot;,&quot;infinite_animation&quot;:&quot;float&quot;,&quot;infinite_animation_speed&quot;:&quot;2&quot;}]\" data-scroll-devices=\"small-visibility,medium-visibility,large-visibility\"><div class=\"fusion-column-wrapper fusion-column-has-shadow fusion-flex-justify-content-center fusion-content-layout-column\"><div class=\"fusion-title title fusion-title-5 fusion-sep-none fusion-title-text fusion-title-size-two\" style=\"--awb-text-color:var(--awb-custom12);\"><h2 class=\"fusion-title-heading title-heading-left\" style=\"margin:0;\">\u017bywy wiatr<\/h2><\/div><div class=\"fusion-text fusion-text-6\"><p><a href=\"https:\/\/www.humber.com\/\/Live_Information\/Tides_and_Weather\/?fbclid=IwAR0UUwQ7ta2-xC_1JzT_iQ0yUcloJoQwO605Q6q56ro4gDG9g3a9L3oY_uQ\" target=\"_blank\" rel=\"noopener\">https:\/\/www.humber.com\/\/Live_Information\/Tides_and_Weather\/?fbclid=IwAR0UUwQ7ta2-xC_1JzT_iQ0yUcloJoQwO605Q6q56ro4gDG9g3a9L3oY_uQ<\/a><\/p>\n<\/div><div class=\"fusion-title title fusion-title-6 fusion-sep-none fusion-title-text fusion-title-size-three\" style=\"--awb-text-color:var(--awb-custom12);\"><h3 class=\"fusion-title-heading title-heading-left\" style=\"margin:0;\">P\u0142ywy \/ Warunki<\/h3><\/div><div class=\"fusion-text fusion-text-7\" style=\"--awb-text-color:var(--awb-color6);\"><p>Pla\u017ca Fitties dzia\u0142a przy ka\u017cdym przyp\u0142ywie. Podczas wiosennego przyp\u0142ywu odp\u0142yw mo\u017ce trwa\u0107 nawet 20 minut.<\/p>\n<\/div><div class=\"fusion-title title fusion-title-7 fusion-sep-none fusion-title-text fusion-title-size-three\" style=\"--awb-text-color:var(--awb-custom12);\"><h3 class=\"fusion-title-heading title-heading-left\" style=\"margin:0;\">Zagro\u017cenia<\/h3><\/div><div class=\"fusion-text fusion-text-8\" style=\"--awb-text-color:var(--awb-color6);\"><p>P\u0142ytka woda \/ piaszczyste \u0142awice<br \/>\n\u0141amacze przyp\u0142yw\u00f3w \/ Pachwiny<br \/>\nStruktura molo w Cleethorpes<br \/>\nMo\u017cliwe s\u0105 galaretki i ryby tkackie<br \/>\nMuszle \/ Ma\u0142\u017ce<br \/>\nWyprowadzacze ps\u00f3w \/ U\u017cytkownicy pla\u017cy<br \/>\nPr\u0105dy<\/p>\n<\/div><\/div><\/div><\/div><\/div><\/p>","protected":false},"excerpt":{"rendered":"","protected":false},"author":1,"featured_media":0,"parent":0,"menu_order":0,"comment_status":"closed","ping_status":"closed","template":"100-width.php","meta":{"footnotes":""},"class_list":["post-717","page","type-page","status-publish","hentry"],"acf":[],"_links":{"self":[{"href":"https:\/\/maxikiteschool.com\/pl\/wp-json\/wp\/v2\/pages\/717"}],"collection":[{"href":"https:\/\/maxikiteschool.com\/pl\/wp-json\/wp\/v2\/pages"}],"about":[{"href":"https:\/\/maxikiteschool.com\/pl\/wp-json\/wp\/v2\/types\/page"}],"author":[{"embeddable":true,"href":"https:\/\/maxikiteschool.com\/pl\/wp-json\/wp\/v2\/users\/1"}],"replies":[{"embeddable":true,"href":"https:\/\/maxikiteschool.com\/pl\/wp-json\/wp\/v2\/comments?post=717"}],"version-history":[{"count":19,"href":"https:\/\/maxikiteschool.com\/pl\/wp-json\/wp\/v2\/pages\/717\/revisions"}],"predecessor-version":[{"id":913,"href":"https:\/\/maxikiteschool.com\/pl\/wp-json\/wp\/v2\/pages\/717\/revisions\/913"}],"wp:attachment":[{"href":"https:\/\/maxikiteschool.com\/pl\/wp-json\/wp\/v2\/media?parent=717"}],"curies":[{"name":"wp","href":"https:\/\/api.w.org\/{rel}","templated":true}]}}