{"id":133,"date":"2023-09-05T12:12:49","date_gmt":"2023-09-05T12:12:49","guid":{"rendered":"https:\/\/maxikiteschool.com\/?page_id=133"},"modified":"2023-10-26T01:58:03","modified_gmt":"2023-10-26T01:58:03","slug":"services","status":"publish","type":"page","link":"https:\/\/maxikiteschool.com\/pl\/services\/","title":{"rendered":"Us\u0142ugi"},"content":{"rendered":"<div class=\"fusion-fullwidth fullwidth-box fusion-builder-row-1 fusion-flex-container has-pattern-background has-mask-background fusion-parallax-none about-section nonhundred-percent-fullwidth non-hundred-percent-height-scrolling\" style=\"--awb-border-radius-top-left:0px;--awb-border-radius-top-right:0px;--awb-border-radius-bottom-right:0px;--awb-border-radius-bottom-left:0px;--awb-padding-top:80px;--awb-padding-bottom:130px;--awb-padding-top-medium:50px;--awb-padding-bottom-medium:130px;--awb-padding-top-small:40px;--awb-padding-bottom-small:250px;--awb-margin-bottom:-75px;--awb-margin-bottom-medium:-90px;--awb-margin-bottom-small:-200px;--awb-background-image:url(&quot;https:\/\/maxikiteschool.com\/wp-content\/uploads\/2023\/09\/team_bg3.jpg&quot;);--awb-background-size:cover;--awb-flex-wrap:wrap;\" ><div class=\"fusion-builder-row fusion-row fusion-flex-align-items-flex-start fusion-flex-content-wrap\" style=\"max-width:1216.8px;margin-left: calc(-4% \/ 2 );margin-right: calc(-4% \/ 2 );\"><div class=\"fusion-layout-column fusion_builder_column fusion-builder-column-0 fusion_builder_column_1_1 1_1 fusion-flex-column fusion-flex-align-self-stretch\" style=\"--awb-bg-size:cover;--awb-width-large:100%;--awb-margin-top-large:0px;--awb-spacing-right-large:1.92%;--awb-margin-bottom-large:0px;--awb-spacing-left-large:1.92%;--awb-width-medium:100%;--awb-order-medium:0;--awb-spacing-right-medium:1.92%;--awb-spacing-left-medium:1.92%;--awb-width-small:100%;--awb-order-small:0;--awb-spacing-right-small:1.92%;--awb-spacing-left-small:1.92%;\" data-motion-effects=\"[{&quot;type&quot;:&quot;&quot;,&quot;scroll_type&quot;:&quot;transition&quot;,&quot;scroll_direction&quot;:&quot;up&quot;,&quot;transition_speed&quot;:&quot;1&quot;,&quot;fade_type&quot;:&quot;in&quot;,&quot;scale_type&quot;:&quot;up&quot;,&quot;initial_scale&quot;:&quot;1&quot;,&quot;max_scale&quot;:&quot;1.5&quot;,&quot;min_scale&quot;:&quot;0.5&quot;,&quot;initial_rotate&quot;:&quot;0&quot;,&quot;end_rotate&quot;:&quot;30&quot;,&quot;initial_blur&quot;:&quot;0&quot;,&quot;end_blur&quot;:&quot;3&quot;,&quot;start_element&quot;:&quot;top&quot;,&quot;start_viewport&quot;:&quot;bottom&quot;,&quot;end_element&quot;:&quot;bottom&quot;,&quot;end_viewport&quot;:&quot;top&quot;,&quot;mouse_effect&quot;:&quot;track&quot;,&quot;mouse_effect_direction&quot;:&quot;opposite&quot;,&quot;mouse_effect_speed&quot;:&quot;2&quot;,&quot;infinite_animation&quot;:&quot;float&quot;,&quot;infinite_animation_speed&quot;:&quot;2&quot;}]\" data-scroll-devices=\"small-visibility,medium-visibility,large-visibility\"><div class=\"fusion-column-wrapper fusion-column-has-shadow fusion-flex-justify-content-center fusion-content-layout-column\"><div class=\"fusion-title title fusion-title-1 fusion-sep-none fusion-title-text fusion-title-size-two\"><h2 class=\"fusion-title-heading title-heading-left\" style=\"margin:0;\">Jakie us\u0142ugi \u015bwiadczymy<\/h2><\/div><div class=\"fusion-text fusion-text-1 fusion-text-no-margin\" style=\"--awb-margin-bottom:30px;\"><p>Szko\u0142a Maxi Kite oferuje profesjonalne lekcje kitesurfingu pod okiem naszego certyfikowanego instruktora IKO.<\/p>\n<p>Oferujemy r\u00f3\u017cnorodne miejsca do nauczania w Cleethorpes, Fraisthorpe, Blackpool i New Brigton.<\/p>\n<p>Nasz\u0105 misj\u0105 jest zapewnienie bezpiecznego i przyjemnego \u015brodowiska dla kitesurfer\u00f3w na wszystkich poziomach, aby mogli uczy\u0107 si\u0119 i doskonali\u0107 swoje umiej\u0119tno\u015bci, jednocze\u015bnie \u015bwietnie si\u0119 bawi\u0105c.<\/p>\n<\/div><\/div><\/div><div class=\"fusion-layout-column fusion_builder_column fusion-builder-column-1 fusion_builder_column_1_3 1_3 fusion-flex-column sercices-box\" style=\"--awb-padding-top:80px;--awb-padding-right:20px;--awb-padding-bottom:30px;--awb-padding-left:20px;--awb-bg-color:rgba(0,0,0,0.4);--awb-bg-color-hover:rgba(0,0,0,0.4);--awb-bg-image:url(&#039;https:\/\/maxikiteschool.com\/wp-content\/uploads\/2023\/09\/kitesurfers-le-morne-beach-mauritius-scaled.jpg&#039;);--awb-bg-position:center center;--awb-bg-blend:overlay;--awb-bg-size:cover;--awb-width-large:33.333333333333%;--awb-margin-top-large:0px;--awb-spacing-right-large:5.76%;--awb-margin-bottom-large:20px;--awb-spacing-left-large:5.76%;--awb-width-medium:50%;--awb-order-medium:0;--awb-spacing-right-medium:3.84%;--awb-spacing-left-medium:3.84%;--awb-width-small:100%;--awb-order-small:0;--awb-spacing-right-small:1.92%;--awb-spacing-left-small:1.92%;\" data-motion-effects=\"[{&quot;type&quot;:&quot;&quot;,&quot;scroll_type&quot;:&quot;transition&quot;,&quot;scroll_direction&quot;:&quot;up&quot;,&quot;transition_speed&quot;:&quot;1&quot;,&quot;fade_type&quot;:&quot;in&quot;,&quot;scale_type&quot;:&quot;up&quot;,&quot;initial_scale&quot;:&quot;1&quot;,&quot;max_scale&quot;:&quot;1.5&quot;,&quot;min_scale&quot;:&quot;0.5&quot;,&quot;initial_rotate&quot;:&quot;0&quot;,&quot;end_rotate&quot;:&quot;30&quot;,&quot;initial_blur&quot;:&quot;0&quot;,&quot;end_blur&quot;:&quot;3&quot;,&quot;start_element&quot;:&quot;top&quot;,&quot;start_viewport&quot;:&quot;bottom&quot;,&quot;end_element&quot;:&quot;bottom&quot;,&quot;end_viewport&quot;:&quot;top&quot;,&quot;mouse_effect&quot;:&quot;track&quot;,&quot;mouse_effect_direction&quot;:&quot;opposite&quot;,&quot;mouse_effect_speed&quot;:&quot;2&quot;,&quot;infinite_animation&quot;:&quot;float&quot;,&quot;infinite_animation_speed&quot;:&quot;2&quot;}]\" data-scroll-devices=\"small-visibility,medium-visibility,large-visibility\"><div class=\"fusion-column-wrapper fusion-column-has-shadow fusion-flex-justify-content-flex-start fusion-content-layout-column fusion-column-has-bg-image\" data-bg-url=\"https:\/\/maxikiteschool.com\/wp-content\/uploads\/2023\/09\/kitesurfers-le-morne-beach-mauritius-scaled.jpg\"><i class=\"fb-icon-element-1 fb-icon-element fontawesome-icon home-icon-kite-1 circle-yes fusion-text-flow\" style=\"--awb-circlecolor:var(--awb-color5);--awb-circlecolor-hover:var(--awb-color5);--awb-circlebordersize:0px;--awb-font-size:37px;--awb-width:80px;--awb-height:80px;--awb-line-height:80px;--awb-border-radius-top-l:0;--awb-border-radius-top-r:0;--awb-border-radius-bot-r:0;--awb-border-radius-bot-l:0;--awb-margin-right:18.5px;\"><\/i><div class=\"fusion-title title fusion-title-2 fusion-sep-none fusion-title-text fusion-title-size-three\" style=\"--awb-text-color:var(--awb-color1);--awb-margin-top:30px;\"><h3 class=\"fusion-title-heading title-heading-left\" style=\"margin:0;\">Kursy kitesurfingu<\/h3><\/div><div class=\"fusion-text fusion-text-2\" style=\"--awb-text-color:var(--awb-color1);\"><p>Nasze kursy kitesurfingu prowadzone s\u0105 z najwy\u017csz\u0105 dba\u0142o\u015bci\u0105 o bezpiecze\u0144stwo i przekazuj\u0105 jasne koncepcje, aby stworzy\u0107 solidne podstawy, kt\u00f3re pozwol\u0105 uczniowi efektywnie si\u0119 uczy\u0107.<\/p>\n<\/div><div ><a class=\"fusion-button button-flat fusion-button-default-size button-custom fusion-button-default button-1 fusion-button-default-span fusion-button-default-type awb-b-icon-pos-right btn-hover service-btn\" style=\"--button_accent_color:var(--awb-color1);--button_border_color:var(--awb-color5);--button_accent_hover_color:#ffffff;--button_border_hover_color:var(--awb-custom12);--button_gradient_top_color:var(--awb-color5);--button_gradient_bottom_color:var(--awb-color5);--button_gradient_top_color_hover:rgba(255,255,255,0);--button_gradient_bottom_color_hover:rgba(255,255,255,0);--button_font_size:14px;--button_line_height:24px;--button_padding-top:8px;--button_padding-right:18px;--button_padding-bottom:8px;--button_padding-left:18px;\" target=\"_self\" data-hover=\"icon_position\" href=\"https:\/\/maxikiteschool.com\/pl\/kitesurfing-lessons\/\"><span class=\"fusion-button-text\">Czytaj wi\u0119cej<\/span><i class=\"fa-arrow-right fas button-icon-right\" aria-hidden=\"true\"><\/i><i class=\"fa-arrow-right fas button-icon-right\" aria-hidden=\"true\"><\/i><\/a><\/div><\/div><\/div><div class=\"fusion-layout-column fusion_builder_column fusion-builder-column-2 fusion_builder_column_1_3 1_3 fusion-flex-column sercices-box\" style=\"--awb-padding-top:80px;--awb-padding-right:20px;--awb-padding-bottom:30px;--awb-padding-left:20px;--awb-bg-color:rgba(0,0,0,0.4);--awb-bg-color-hover:rgba(0,0,0,0.4);--awb-bg-image:url(&#039;https:\/\/maxikiteschool.com\/wp-content\/uploads\/2023\/09\/courageous-surfer-riding-wave-scaled.jpg&#039;);--awb-bg-position:left center;--awb-bg-blend:overlay;--awb-bg-size:cover;--awb-width-large:33.333333333333%;--awb-margin-top-large:0px;--awb-spacing-right-large:5.76%;--awb-margin-bottom-large:20px;--awb-spacing-left-large:5.76%;--awb-width-medium:50%;--awb-order-medium:0;--awb-spacing-right-medium:3.84%;--awb-spacing-left-medium:3.84%;--awb-width-small:100%;--awb-order-small:0;--awb-spacing-right-small:1.92%;--awb-spacing-left-small:1.92%;\" data-motion-effects=\"[{&quot;type&quot;:&quot;&quot;,&quot;scroll_type&quot;:&quot;transition&quot;,&quot;scroll_direction&quot;:&quot;up&quot;,&quot;transition_speed&quot;:&quot;1&quot;,&quot;fade_type&quot;:&quot;in&quot;,&quot;scale_type&quot;:&quot;up&quot;,&quot;initial_scale&quot;:&quot;1&quot;,&quot;max_scale&quot;:&quot;1.5&quot;,&quot;min_scale&quot;:&quot;0.5&quot;,&quot;initial_rotate&quot;:&quot;0&quot;,&quot;end_rotate&quot;:&quot;30&quot;,&quot;initial_blur&quot;:&quot;0&quot;,&quot;end_blur&quot;:&quot;3&quot;,&quot;start_element&quot;:&quot;top&quot;,&quot;start_viewport&quot;:&quot;bottom&quot;,&quot;end_element&quot;:&quot;bottom&quot;,&quot;end_viewport&quot;:&quot;top&quot;,&quot;mouse_effect&quot;:&quot;track&quot;,&quot;mouse_effect_direction&quot;:&quot;opposite&quot;,&quot;mouse_effect_speed&quot;:&quot;2&quot;,&quot;infinite_animation&quot;:&quot;float&quot;,&quot;infinite_animation_speed&quot;:&quot;2&quot;}]\" data-scroll-devices=\"small-visibility,medium-visibility,large-visibility\"><div class=\"fusion-column-wrapper fusion-column-has-shadow fusion-flex-justify-content-flex-start fusion-content-layout-column fusion-column-has-bg-image\" data-bg-url=\"https:\/\/maxikiteschool.com\/wp-content\/uploads\/2023\/09\/courageous-surfer-riding-wave-scaled.jpg\"><i class=\"fb-icon-element-2 fb-icon-element fontawesome-icon home-icon-teachings circle-yes fusion-text-flow\" style=\"--awb-circlecolor:var(--awb-color5);--awb-circlecolor-hover:var(--awb-color5);--awb-circlebordersize:0px;--awb-font-size:37px;--awb-width:80px;--awb-height:80px;--awb-line-height:80px;--awb-border-radius-top-l:0;--awb-border-radius-top-r:0;--awb-border-radius-bot-r:0;--awb-border-radius-bot-l:0;--awb-margin-right:18.5px;\"><\/i><div class=\"fusion-title title fusion-title-3 fusion-sep-none fusion-title-text fusion-title-size-three\" style=\"--awb-text-color:var(--awb-color1);--awb-margin-top:30px;--awb-margin-top-small:30px;\"><h3 class=\"fusion-title-heading title-heading-left\" style=\"margin:0;\">Miejsce nauki<\/h3><\/div><div class=\"fusion-text fusion-text-3\" style=\"--awb-text-color:var(--awb-color1);\"><p>Oferujemy r\u00f3\u017cnorodne miejsca do nauki do wyboru. Ka\u017cde miejsce ma swoje unikalne cechy, dzi\u0119ki czemu mo\u017cesz znale\u017a\u0107 idealn\u0105 lokalizacj\u0119 odpowiadaj\u0105c\u0105 Twojemu poziomowi umiej\u0119tno\u015bci i preferencjom.<\/p>\n<\/div><div ><a class=\"fusion-button button-flat fusion-button-default-size button-custom fusion-button-default button-2 fusion-button-default-span fusion-button-default-type awb-b-icon-pos-right btn-hover service-btn\" style=\"--button_accent_color:var(--awb-color1);--button_border_color:var(--awb-color5);--button_accent_hover_color:#ffffff;--button_border_hover_color:var(--awb-custom12);--button_gradient_top_color:var(--awb-color5);--button_gradient_bottom_color:var(--awb-color5);--button_gradient_top_color_hover:rgba(255,255,255,0);--button_gradient_bottom_color_hover:rgba(255,255,255,0);--button_font_size:14px;--button_line_height:24px;--button_padding-top:8px;--button_padding-right:18px;--button_padding-bottom:8px;--button_padding-left:18px;\" target=\"_self\" data-hover=\"icon_position\" href=\"https:\/\/maxikiteschool.com\/pl\/teaching-spots\/\"><span class=\"fusion-button-text\">Czytaj wi\u0119cej<\/span><i class=\"fa-arrow-right fas button-icon-right\" aria-hidden=\"true\"><\/i><i class=\"fa-arrow-right fas button-icon-right\" aria-hidden=\"true\"><\/i><\/a><\/div><\/div><\/div><div class=\"fusion-layout-column fusion_builder_column fusion-builder-column-3 fusion_builder_column_1_3 1_3 fusion-flex-column sercices-box\" style=\"--awb-padding-top:80px;--awb-padding-right:20px;--awb-padding-bottom:30px;--awb-padding-left:20px;--awb-bg-color:rgba(0,0,0,0.4);--awb-bg-color-hover:rgba(0,0,0,0.4);--awb-bg-image:url(&#039;https:\/\/maxikiteschool.com\/wp-content\/uploads\/2023\/09\/person-surfing-flying-parachute-same-time-kitesurfing-bonaire-caribbean-scaled.jpg&#039;);--awb-bg-position:center center;--awb-bg-blend:overlay;--awb-bg-size:cover;--awb-width-large:33.333333333333%;--awb-margin-top-large:0px;--awb-spacing-right-large:5.76%;--awb-margin-bottom-large:20px;--awb-spacing-left-large:5.76%;--awb-width-medium:50%;--awb-order-medium:0;--awb-margin-top-medium:20px;--awb-spacing-right-medium:3.84%;--awb-spacing-left-medium:3.84%;--awb-width-small:100%;--awb-order-small:0;--awb-spacing-right-small:1.92%;--awb-spacing-left-small:1.92%;\" data-motion-effects=\"[{&quot;type&quot;:&quot;&quot;,&quot;scroll_type&quot;:&quot;transition&quot;,&quot;scroll_direction&quot;:&quot;up&quot;,&quot;transition_speed&quot;:&quot;1&quot;,&quot;fade_type&quot;:&quot;in&quot;,&quot;scale_type&quot;:&quot;up&quot;,&quot;initial_scale&quot;:&quot;1&quot;,&quot;max_scale&quot;:&quot;1.5&quot;,&quot;min_scale&quot;:&quot;0.5&quot;,&quot;initial_rotate&quot;:&quot;0&quot;,&quot;end_rotate&quot;:&quot;30&quot;,&quot;initial_blur&quot;:&quot;0&quot;,&quot;end_blur&quot;:&quot;3&quot;,&quot;start_element&quot;:&quot;top&quot;,&quot;start_viewport&quot;:&quot;bottom&quot;,&quot;end_element&quot;:&quot;bottom&quot;,&quot;end_viewport&quot;:&quot;top&quot;,&quot;mouse_effect&quot;:&quot;track&quot;,&quot;mouse_effect_direction&quot;:&quot;opposite&quot;,&quot;mouse_effect_speed&quot;:&quot;2&quot;,&quot;infinite_animation&quot;:&quot;float&quot;,&quot;infinite_animation_speed&quot;:&quot;2&quot;}]\" data-scroll-devices=\"small-visibility,medium-visibility,large-visibility\"><div class=\"fusion-column-wrapper fusion-column-has-shadow fusion-flex-justify-content-flex-start fusion-content-layout-column fusion-column-has-bg-image\" data-bg-url=\"https:\/\/maxikiteschool.com\/wp-content\/uploads\/2023\/09\/person-surfing-flying-parachute-same-time-kitesurfing-bonaire-caribbean-scaled.jpg\"><i class=\"fb-icon-element-3 fb-icon-element fontawesome-icon home-icon-kitesurf circle-yes fusion-text-flow\" style=\"--awb-circlecolor:var(--awb-color5);--awb-circlecolor-hover:var(--awb-color5);--awb-circlebordersize:0px;--awb-font-size:37px;--awb-width:80px;--awb-height:80px;--awb-line-height:80px;--awb-border-radius-top-l:0;--awb-border-radius-top-r:0;--awb-border-radius-bot-r:0;--awb-border-radius-bot-l:0;--awb-margin-right:18.5px;\"><\/i><div class=\"fusion-title title fusion-title-4 fusion-sep-none fusion-title-text fusion-title-size-three\" style=\"--awb-text-color:var(--awb-color1);--awb-margin-top:30px;--awb-margin-top-small:30px;\"><h3 class=\"fusion-title-heading title-heading-left\" style=\"margin:0;\">Wyjazdy kitesurfingowe<\/h3><\/div><div class=\"fusion-text fusion-text-4\" style=\"--awb-text-color:var(--awb-color1);\"><p>Ucz si\u0119 kitesurfingu, poznawaj ludzi i baw si\u0119 dobrze.<\/p>\n<\/div><div ><a class=\"fusion-button button-flat fusion-button-default-size button-custom fusion-button-default button-3 fusion-button-default-span fusion-button-default-type awb-b-icon-pos-right btn-hover service-btn\" style=\"--button_accent_color:var(--awb-color1);--button_border_color:var(--awb-color5);--button_accent_hover_color:#ffffff;--button_border_hover_color:var(--awb-custom12);--button_gradient_top_color:var(--awb-color5);--button_gradient_bottom_color:var(--awb-color5);--button_gradient_top_color_hover:rgba(255,255,255,0);--button_gradient_bottom_color_hover:rgba(255,255,255,0);--button_font_size:14px;--button_line_height:24px;--button_padding-top:8px;--button_padding-right:18px;--button_padding-bottom:8px;--button_padding-left:18px;\" target=\"_self\" data-hover=\"icon_position\" href=\"https:\/\/maxikiteschool.com\/pl\/kitesurfing-trips\/\"><span class=\"fusion-button-text\">Czytaj wi\u0119cej<\/span><i class=\"fa-arrow-right fas button-icon-right\" aria-hidden=\"true\"><\/i><i class=\"fa-arrow-right fas button-icon-right\" aria-hidden=\"true\"><\/i><\/a><\/div><\/div><\/div><\/div><\/div>","protected":false},"excerpt":{"rendered":"","protected":false},"author":1,"featured_media":0,"parent":0,"menu_order":0,"comment_status":"closed","ping_status":"closed","template":"100-width.php","meta":{"footnotes":""},"class_list":["post-133","page","type-page","status-publish","hentry"],"acf":[],"_links":{"self":[{"href":"https:\/\/maxikiteschool.com\/pl\/wp-json\/wp\/v2\/pages\/133"}],"collection":[{"href":"https:\/\/maxikiteschool.com\/pl\/wp-json\/wp\/v2\/pages"}],"about":[{"href":"https:\/\/maxikiteschool.com\/pl\/wp-json\/wp\/v2\/types\/page"}],"author":[{"embeddable":true,"href":"https:\/\/maxikiteschool.com\/pl\/wp-json\/wp\/v2\/users\/1"}],"replies":[{"embeddable":true,"href":"https:\/\/maxikiteschool.com\/pl\/wp-json\/wp\/v2\/comments?post=133"}],"version-history":[{"count":20,"href":"https:\/\/maxikiteschool.com\/pl\/wp-json\/wp\/v2\/pages\/133\/revisions"}],"predecessor-version":[{"id":922,"href":"https:\/\/maxikiteschool.com\/pl\/wp-json\/wp\/v2\/pages\/133\/revisions\/922"}],"wp:attachment":[{"href":"https:\/\/maxikiteschool.com\/pl\/wp-json\/wp\/v2\/media?parent=133"}],"curies":[{"name":"wp","href":"https:\/\/api.w.org\/{rel}","templated":true}]}}